{"id":671,"date":"2023-06-14T22:52:49","date_gmt":"2023-06-14T22:52:49","guid":{"rendered":"?page_id=671"},"modified":"2023-06-19T17:58:30","modified_gmt":"2023-06-19T17:58:30","slug":"creditos","status":"publish","type":"page","link":"creditos\/","title":{"rendered":"Cr\u00e9ditos"},"content":{"rendered":"\t\t<div data-elementor-type=\"wp-page\" data-elementor-id=\"671\" class=\"elementor elementor-671\">\n\t\t\t\t\t\t\t<div class=\"elementor-element elementor-element-e153564 e-con-full e-flex e-con\" data-id=\"e153564\" data-element_type=\"container\" data-settings=\"{&quot;content_width&quot;:&quot;full&quot;}\">\n\t\t<div class=\"elementor-element elementor-element-a443910 e-con-full e-flex elementor-invisible e-con\" data-id=\"a443910\" data-element_type=\"container\" data-settings=\"{&quot;content_width&quot;:&quot;full&quot;,&quot;animation&quot;:&quot;fadeInLeft&quot;}\">\n\t\t\t\t<div class=\"elementor-element elementor-element-63d4d97 elementor-widget__width-initial elementor-invisible elementor-widget elementor-widget-text-editor\" data-id=\"63d4d97\" data-element_type=\"widget\" data-settings=\"{&quot;_animation&quot;:&quot;fadeInLeft&quot;,&quot;_animation_delay&quot;:700}\" data-widget_type=\"text-editor.default\">\n\t\t\t\t<div class=\"elementor-widget-container\">\n\t\t\t<style>\/*! elementor - v3.14.0 - 26-06-2023 *\/\n.elementor-widget-text-editor.elementor-drop-cap-view-stacked .elementor-drop-cap{background-color:#69727d;color:#fff}.elementor-widget-text-editor.elementor-drop-cap-view-framed .elementor-drop-cap{color:#69727d;border:3px solid;background-color:transparent}.elementor-widget-text-editor:not(.elementor-drop-cap-view-default) .elementor-drop-cap{margin-top:8px}.elementor-widget-text-editor:not(.elementor-drop-cap-view-default) .elementor-drop-cap-letter{width:1em;height:1em}.elementor-widget-text-editor .elementor-drop-cap{float:left;text-align:center;line-height:1;font-size:50px}.elementor-widget-text-editor .elementor-drop-cap-letter{display:inline-block}<\/style>\t\t\t\t<p><span style=\"color: #fe3501;\"><span style=\"color: #111111;\">Cr\u00e9ditos<\/span><\/span><\/p>\t\t\t\t\t\t<\/div>\n\t\t\t\t<\/div>\n\t\t\t\t<div class=\"elementor-element elementor-element-ba8e80e elementor-hidden-mobile elementor-widget elementor-widget-spacer\" data-id=\"ba8e80e\" data-element_type=\"widget\" data-widget_type=\"spacer.default\">\n\t\t\t\t<div class=\"elementor-widget-container\">\n\t\t\t<style>\/*! elementor - v3.14.0 - 26-06-2023 *\/\n.elementor-column .elementor-spacer-inner{height:var(--spacer-size)}.e-con{--container-widget-width:100%}.e-con-inner>.elementor-widget-spacer,.e-con>.elementor-widget-spacer{width:var(--container-widget-width,var(--spacer-size));--align-self:var(--container-widget-align-self,initial);--flex-shrink:0}.e-con-inner>.elementor-widget-spacer>.elementor-widget-container,.e-con-inner>.elementor-widget-spacer>.elementor-widget-container>.elementor-spacer,.e-con>.elementor-widget-spacer>.elementor-widget-container,.e-con>.elementor-widget-spacer>.elementor-widget-container>.elementor-spacer{height:100%}.e-con-inner>.elementor-widget-spacer>.elementor-widget-container>.elementor-spacer>.elementor-spacer-inner,.e-con>.elementor-widget-spacer>.elementor-widget-container>.elementor-spacer>.elementor-spacer-inner{height:var(--container-widget-height,var(--spacer-size))}<\/style>\t\t<div class=\"elementor-spacer\">\n\t\t\t<div class=\"elementor-spacer-inner\"><\/div>\n\t\t<\/div>\n\t\t\t\t<\/div>\n\t\t\t\t<\/div>\n\t\t\t\t<\/div>\n\t\t<div class=\"elementor-element elementor-element-af05e56 e-con-full e-flex e-con\" data-id=\"af05e56\" data-element_type=\"container\" data-settings=\"{&quot;content_width&quot;:&quot;full&quot;}\">\n\t\t\t\t<div class=\"elementor-element elementor-element-efafd8f elementor-widget elementor-widget-spacer\" data-id=\"efafd8f\" data-element_type=\"widget\" data-widget_type=\"spacer.default\">\n\t\t\t\t<div class=\"elementor-widget-container\">\n\t\t\t\t\t<div class=\"elementor-spacer\">\n\t\t\t<div class=\"elementor-spacer-inner\"><\/div>\n\t\t<\/div>\n\t\t\t\t<\/div>\n\t\t\t\t<\/div>\n\t\t\t\t<div class=\"elementor-element elementor-element-dee0a42 animated-slow elementor-invisible elementor-widget elementor-widget-image\" data-id=\"dee0a42\" data-element_type=\"widget\" data-settings=\"{&quot;_animation&quot;:&quot;fadeIn&quot;,&quot;_animation_delay&quot;:500}\" data-widget_type=\"image.default\">\n\t\t\t\t<div class=\"elementor-widget-container\">\n\t\t\t<style>\/*! elementor - v3.14.0 - 26-06-2023 *\/\n.elementor-widget-image{text-align:center}.elementor-widget-image a{display:inline-block}.elementor-widget-image a img[src$=\".svg\"]{width:48px}.elementor-widget-image img{vertical-align:middle;display:inline-block}<\/style>\t\t\t\t\t\t\t\t\t\t\t\t<img decoding=\"async\" width=\"800\" height=\"450\" src=\"https:\/\/www.ojoconmipisto.com\/22\/wp-content\/uploads\/2023\/06\/Portada-Creditos-1024x576.png\" class=\"attachment-large size-large wp-image-1210\" alt=\"\" loading=\"lazy\" srcset=\"https:\/\/www.ojoconmipisto.com\/22\/wp-content\/uploads\/2023\/06\/Portada-Creditos-1024x576.png 1024w, https:\/\/www.ojoconmipisto.com\/22\/wp-content\/uploads\/2023\/06\/Portada-Creditos-300x169.png 300w, https:\/\/www.ojoconmipisto.com\/22\/wp-content\/uploads\/2023\/06\/Portada-Creditos-768x432.png 768w, https:\/\/www.ojoconmipisto.com\/22\/wp-content\/uploads\/2023\/06\/Portada-Creditos-1536x864.png 1536w, https:\/\/www.ojoconmipisto.com\/22\/wp-content\/uploads\/2023\/06\/Portada-Creditos.png 1920w\" sizes=\"(max-width: 800px) 100vw, 800px\" \/>\t\t\t\t\t\t\t\t\t\t\t\t\t\t\t<\/div>\n\t\t\t\t<\/div>\n\t\t\t\t<\/div>\n\t\t\t\t<\/div>\n\t\t<div class=\"elementor-element elementor-element-d17b7ac animated-slow e-flex e-con-boxed elementor-invisible e-con\" data-id=\"d17b7ac\" data-element_type=\"container\" data-settings=\"{&quot;animation&quot;:&quot;fadeIn&quot;,&quot;animation_delay&quot;:1000,&quot;content_width&quot;:&quot;boxed&quot;}\">\n\t\t\t\t\t<div class=\"e-con-inner\">\n\t\t<div class=\"elementor-element elementor-element-b1f0081 e-flex e-con-boxed e-con\" data-id=\"b1f0081\" data-element_type=\"container\" data-settings=\"{&quot;content_width&quot;:&quot;boxed&quot;}\">\n\t\t\t\t\t<div class=\"e-con-inner\">\n\t\t\t\t<div class=\"elementor-element elementor-element-d90add1 elementor-widget elementor-widget-spacer\" data-id=\"d90add1\" data-element_type=\"widget\" data-widget_type=\"spacer.default\">\n\t\t\t\t<div class=\"elementor-widget-container\">\n\t\t\t\t\t<div class=\"elementor-spacer\">\n\t\t\t<div class=\"elementor-spacer-inner\"><\/div>\n\t\t<\/div>\n\t\t\t\t<\/div>\n\t\t\t\t<\/div>\n\t\t\t\t<div class=\"elementor-element elementor-element-7ef693e elementor-widget__width-initial elementor-widget-mobile__width-initial elementor-invisible elementor-widget elementor-widget-text-editor\" data-id=\"7ef693e\" data-element_type=\"widget\" data-settings=\"{&quot;_animation&quot;:&quot;fadeIn&quot;}\" data-widget_type=\"text-editor.default\">\n\t\t\t\t<div class=\"elementor-widget-container\">\n\t\t\t\t\t\t\t<p class=\"p1\">El especial \u201c22 alcald\u00edas bajo la lupa\u201d cont\u00f3 con el apoyo financiero de International Republican Institute (IRI) y estuvo a cargo de este equipo:<\/p><p>REDACCI\u00d3N:<br \/>Carmen Valle, Isa\u00edas Morales, Mariajos\u00e9 Espa\u00f1a, Mirja Vald\u00e9s, Ricardo Quinto, Rodrigo Estrada y Sof\u00eda Mench\u00fa<\/p><p>AN\u00c1LISIS DE DATOS:<br \/>Daniel de Le\u00f3n<\/p><p>DESARROLLO WEB:<br \/>\u00d3scar Gabriel Pineda<\/p><p>DISE\u00d1O:<br \/>Rebecca Grajeda<\/p><p>MAPA:<br \/>Datasketch.co<\/p><p>ESTRATEGA DIGITAL:<br \/>Gladys Olmstead<\/p><p>ILUSTRACIONES:<br \/>Brenda del Pinal<\/p><p>FOTOGRAF\u00cdAS:<br \/>Henry Josu\u00e9 Gonz\u00e1lez<\/p><p>PODCAST:<br \/>Beatriz Colmenares<\/p><p>EDICI\u00d3N DE PODCAST:<br \/>Jorge Toj<\/p><p>EDICI\u00d3N:<br \/>Ana Carolina Alp\u00edrez y Beatriz Colmenares<\/p><p>#EleccionesGT2023<\/p><p>Fecha de publicaci\u00f3n:<br \/>Guatemala, 16 de junio de 2023<\/p>\t\t\t\t\t\t<\/div>\n\t\t\t\t<\/div>\n\t\t\t\t\t<\/div>\n\t\t\t\t<\/div>\n\t\t\t\t\t<\/div>\n\t\t\t\t<\/div>\n\t\t<div class=\"elementor-element elementor-element-61a16aa e-flex e-con-boxed e-con\" data-id=\"61a16aa\" data-element_type=\"container\" data-settings=\"{&quot;content_width&quot;:&quot;boxed&quot;}\">\n\t\t\t\t\t<div class=\"e-con-inner\">\n\t\t\t\t<div class=\"elementor-element elementor-element-d4c353e elementor-widget elementor-widget-spacer\" data-id=\"d4c353e\" data-element_type=\"widget\" data-widget_type=\"spacer.default\">\n\t\t\t\t<div class=\"elementor-widget-container\">\n\t\t\t\t\t<div class=\"elementor-spacer\">\n\t\t\t<div class=\"elementor-spacer-inner\"><\/div>\n\t\t<\/div>\n\t\t\t\t<\/div>\n\t\t\t\t<\/div>\n\t\t\t\t\t<\/div>\n\t\t\t\t<\/div>\n\t\t\t\t\t\t\t<\/div>\n\t\t","protected":false},"excerpt":{"rendered":"<p>Cr\u00e9ditos El especial \u201c22 alcald\u00edas bajo la lupa\u201d cont\u00f3 con el apoyo financiero de International Republican Institute (IRI) y estuvo a cargo de este equipo: REDACCI\u00d3N:Carmen Valle, Isa\u00edas Morales, Mariajos\u00e9 Espa\u00f1a, Mirja Vald\u00e9s, Ricardo Quinto, Rodrigo Estrada y Sof\u00eda Mench\u00fa AN\u00c1LISIS DE DATOS:Daniel de Le\u00f3n DESARROLLO WEB:\u00d3scar Gabriel Pineda DISE\u00d1O:Rebecca Grajeda MAPA:Datasketch.co ESTRATEGA DIGITAL:Gladys Olmstead [&hellip;]<\/p>\n","protected":false},"author":1,"featured_media":0,"parent":0,"menu_order":0,"comment_status":"closed","ping_status":"closed","template":"","meta":[],"_links":{"self":[{"href":"wp-json\/wp\/v2\/pages\/671"}],"collection":[{"href":"wp-json\/wp\/v2\/pages"}],"about":[{"href":"wp-json\/wp\/v2\/types\/page"}],"author":[{"embeddable":true,"href":"wp-json\/wp\/v2\/users\/1"}],"replies":[{"embeddable":true,"href":"wp-json\/wp\/v2\/comments?post=671"}],"version-history":[{"count":19,"href":"wp-json\/wp\/v2\/pages\/671\/revisions"}],"predecessor-version":[{"id":1428,"href":"wp-json\/wp\/v2\/pages\/671\/revisions\/1428"}],"wp:attachment":[{"href":"wp-json\/wp\/v2\/media?parent=671"}],"curies":[{"name":"wp","href":"https:\/\/api.w.org\/{rel}","templated":true}]}}